{"id":9,"date":"2025-11-10T17:42:05","date_gmt":"2025-11-10T17:42:05","guid":{"rendered":"https:\/\/heladeriatozzigetafe.rkinformatika.online\/?page_id=9"},"modified":"2025-12-03T16:22:12","modified_gmt":"2025-12-03T16:22:12","slug":"inicio","status":"publish","type":"page","link":"https:\/\/heladeriatozzigetafe.com\/en\/","title":{"rendered":"Start"},"content":{"rendered":"<div data-elementor-type=\"wp-page\" data-elementor-id=\"9\" class=\"elementor elementor-9\" data-elementor-post-type=\"page\">\n\t\t\t\t<div class=\"elementor-element elementor-element-0b1a685 e-flex e-con-boxed e-con e-parent\" data-id=\"0b1a685\" data-element_type=\"container\" data-e-type=\"container\" data-settings=\"{&quot;background_background&quot;:&quot;classic&quot;}\">\n\t\t\t\t\t<div class=\"e-con-inner\">\n\t\t\t\t\t<\/div>\n\t\t\t\t<\/div>\n\t\t<div class=\"elementor-element elementor-element-80a4609 e-flex e-con-boxed e-con e-parent\" data-id=\"80a4609\" data-element_type=\"container\" data-e-type=\"container\">\n\t\t\t\t\t<div class=\"e-con-inner\">\n\t\t<div class=\"elementor-element elementor-element-b4c72e9 e-con-full e-flex e-con e-child\" data-id=\"b4c72e9\" data-element_type=\"container\" data-e-type=\"container\">\n\t\t\t\t<div class=\"elementor-element elementor-element-a7e4b96 elementor-widget elementor-widget-image\" data-id=\"a7e4b96\" data-element_type=\"widget\" data-e-type=\"widget\" data-widget_type=\"image.default\">\n\t\t\t\t\t\t\t\t\t\t\t\t\t\t\t<img fetchpriority=\"high\" decoding=\"async\" width=\"588\" height=\"782\" src=\"https:\/\/heladeriatozzigetafe.com\/wp-content\/uploads\/2025\/12\/Texto.png\" class=\"attachment-large size-large wp-image-129\" alt=\"\" srcset=\"https:\/\/heladeriatozzigetafe.com\/wp-content\/uploads\/2025\/12\/Texto.png 588w, https:\/\/heladeriatozzigetafe.com\/wp-content\/uploads\/2025\/12\/Texto-226x300.png 226w, https:\/\/heladeriatozzigetafe.com\/wp-content\/uploads\/2025\/12\/Texto-9x12.png 9w\" sizes=\"(max-width: 588px) 100vw, 588px\" \/>\t\t\t\t\t\t\t\t\t\t\t\t\t\t\t<\/div>\n\t\t\t\t<\/div>\n\t\t<div class=\"elementor-element elementor-element-7d98d29 e-con-full e-flex e-con e-child\" data-id=\"7d98d29\" data-element_type=\"container\" data-e-type=\"container\">\n\t\t\t\t<div class=\"elementor-element elementor-element-14099d0 elementor-widget elementor-widget-heading\" data-id=\"14099d0\" data-element_type=\"widget\" data-e-type=\"widget\" data-widget_type=\"heading.default\">\n\t\t\t\t\t<h2 class=\"elementor-heading-title elementor-size-default\">About Us<\/h2>\t\t\t\t<\/div>\n\t\t\t\t<div class=\"elementor-element elementor-element-923ab22 elementor-widget elementor-widget-text-editor\" data-id=\"923ab22\" data-element_type=\"widget\" data-e-type=\"widget\" data-widget_type=\"text-editor.default\">\n\t\t\t\t\t\t\t\t\t<p data-start=\"172\" data-end=\"424\">At TOZZI Ice Cream Shop in Getafe, we have been dedicated to offering the authentic taste of artisanal ice cream for over two decades. Founded in 2002 and located at Calle Polvoranca 16, our ice cream shop is the result of a tradition that has traveled the world.<\/p><p data-start=\"426\" data-end=\"672\">Our recipe, with more than 50 years of history, has been passed down from generation to generation: born in Italy, perfected in Argentina and finally brought to Madrid, where we continue to make ice cream using the most traditional methods.<\/p><p data-start=\"674\" data-end=\"1050\">We have our own workshop, dedicated exclusively to the daily production of artisanal ice cream. We craft each flavor following classic manual methods, guaranteeing freshness, texture, and quality in every spoonful. At TOZZI, every detail matters: we select authentic, natural ingredients to keep the essence of artisanal ice cream alive.<\/p>\t\t\t\t\t\t\t\t<\/div>\n\t\t\t\t<\/div>\n\t\t\t\t\t<\/div>\n\t\t\t\t<\/div>\n\t\t<div class=\"elementor-element elementor-element-068ecde e-flex e-con-boxed e-con e-parent\" data-id=\"068ecde\" data-element_type=\"container\" data-e-type=\"container\">\n\t\t\t\t\t<div class=\"e-con-inner\">\n\t\t\t\t<div class=\"elementor-element elementor-element-f248623 elementor-cta--skin-cover elementor-animated-content elementor-bg-transform elementor-bg-transform-zoom-in elementor-widget elementor-widget-call-to-action\" data-id=\"f248623\" data-element_type=\"widget\" data-e-type=\"widget\" data-widget_type=\"call-to-action.default\">\n\t\t\t\t\t\t\t<div class=\"elementor-cta\">\n\t\t\t\t\t<div class=\"elementor-cta__bg-wrapper\">\n\t\t\t\t<div class=\"elementor-cta__bg elementor-bg\" style=\"background-image: url(https:\/\/heladeriatozzigetafe.com\/wp-content\/uploads\/2025\/12\/Texto-4-1024x410.png);\" role=\"img\" aria-label=\"Texto (4)\"><\/div>\n\t\t\t\t<div class=\"elementor-cta__bg-overlay\"><\/div>\n\t\t\t<\/div>\n\t\t\t\t\t\t\t<div class=\"elementor-cta__content\">\n\t\t\t\t\n\t\t\t\t\t\t\t\t\t<h2 class=\"elementor-cta__title elementor-cta__content-item elementor-content-item elementor-animated-item--grow\">\n\t\t\t\t\t\tDiscover the authentic taste of artisanal ice cream\t\t\t\t\t<\/h2>\n\t\t\t\t\n\t\t\t\t\t\t\t\t\t<div class=\"elementor-cta__description elementor-cta__content-item elementor-content-item elementor-animated-item--grow\">\n\t\t\t\t\t\tTry our artisanal horchata: light, fresh and irresistible.\t\t\t\t\t<\/div>\n\t\t\t\t\n\t\t\t\t\t\t\t\t\t<div class=\"elementor-cta__button-wrapper elementor-cta__content-item elementor-content-item elementor-animated-item--grow\">\n\t\t\t\t\t<a class=\"elementor-cta__button elementor-button elementor-size-\" href=\"https:\/\/heladeriatozzigetafe.com\/en\/productos\/\">\n\t\t\t\t\t\tProducts\t\t\t\t\t<\/a>\n\t\t\t\t\t<\/div>\n\t\t\t\t\t\t\t<\/div>\n\t\t\t\t\t\t<\/div>\n\t\t\t\t\t\t<\/div>\n\t\t\t\t\t<\/div>\n\t\t\t\t<\/div>\n\t\t\t\t<\/div>","protected":false},"excerpt":{"rendered":"<p>Sobre nosotros En Helader\u00eda TOZZI Getafe llevamos m\u00e1s de dos d\u00e9cadas dedicados a ofrecer el aut\u00e9ntico sabor del helado artesanal. Fundada en 2002 y ubicada en Calle Polvoranca 16, nuestra helader\u00eda es el resultado de una tradici\u00f3n que ha viajado por el mundo. Nuestra receta, con m\u00e1s de 50 a\u00f1os de historia, ha pasado de [&hellip;]<\/p>\n","protected":false},"author":1,"featured_media":0,"parent":0,"menu_order":0,"comment_status":"closed","ping_status":"closed","template":"elementor_canvas","meta":{"footnotes":""},"class_list":["post-9","page","type-page","status-publish","hentry"],"yoast_head":"<!-- This site is optimized with the Yoast SEO plugin v27.3 - https:\/\/yoast.com\/product\/yoast-seo-wordpress\/ -->\n<title>Inicio - Helader\u00eda Tozzi Getafe<\/title>\n<meta name=\"robots\" content=\"index, follow, max-snippet:-1, max-image-preview:large, max-video-preview:-1\" \/>\n<link rel=\"canonical\" href=\"https:\/\/heladeriatozzigetafe.com\/en\/\" \/>\n<meta property=\"og:locale\" content=\"en_GB\" \/>\n<meta property=\"og:type\" content=\"article\" \/>\n<meta property=\"og:title\" content=\"Inicio - Helader\u00eda Tozzi Getafe\" \/>\n<meta property=\"og:description\" content=\"Sobre nosotros En Helader\u00eda TOZZI Getafe llevamos m\u00e1s de dos d\u00e9cadas dedicados a ofrecer el aut\u00e9ntico sabor del helado artesanal. Fundada en 2002 y ubicada en Calle Polvoranca 16, nuestra helader\u00eda es el resultado de una tradici\u00f3n que ha viajado por el mundo. Nuestra receta, con m\u00e1s de 50 a\u00f1os de historia, ha pasado de [&hellip;]\" \/>\n<meta property=\"og:url\" content=\"https:\/\/heladeriatozzigetafe.com\/en\/\" \/>\n<meta property=\"og:site_name\" content=\"Helader\u00eda Tozzi Getafe\" \/>\n<meta property=\"article:modified_time\" content=\"2025-12-03T16:22:12+00:00\" \/>\n<meta property=\"og:image\" content=\"https:\/\/heladeriatozzigetafe.com\/wp-content\/uploads\/2025\/12\/Texto.png\" \/>\n\t<meta property=\"og:image:width\" content=\"588\" \/>\n\t<meta property=\"og:image:height\" content=\"782\" \/>\n\t<meta property=\"og:image:type\" content=\"image\/png\" \/>\n<meta name=\"twitter:card\" content=\"summary_large_image\" \/>\n<script type=\"application\/ld+json\" class=\"yoast-schema-graph\">{\"@context\":\"https:\\\/\\\/schema.org\",\"@graph\":[{\"@type\":\"WebPage\",\"@id\":\"https:\\\/\\\/heladeriatozzigetafe.com\\\/\",\"url\":\"https:\\\/\\\/heladeriatozzigetafe.com\\\/\",\"name\":\"Inicio - Helader\u00eda Tozzi Getafe\",\"isPartOf\":{\"@id\":\"https:\\\/\\\/heladeriatozzigetafe.com\\\/#website\"},\"primaryImageOfPage\":{\"@id\":\"https:\\\/\\\/heladeriatozzigetafe.com\\\/#primaryimage\"},\"image\":{\"@id\":\"https:\\\/\\\/heladeriatozzigetafe.com\\\/#primaryimage\"},\"thumbnailUrl\":\"https:\\\/\\\/heladeriatozzigetafe.com\\\/wp-content\\\/uploads\\\/2025\\\/12\\\/Texto.png\",\"datePublished\":\"2025-11-10T17:42:05+00:00\",\"dateModified\":\"2025-12-03T16:22:12+00:00\",\"breadcrumb\":{\"@id\":\"https:\\\/\\\/heladeriatozzigetafe.com\\\/#breadcrumb\"},\"inLanguage\":\"en-GB\",\"potentialAction\":[{\"@type\":\"ReadAction\",\"target\":[\"https:\\\/\\\/heladeriatozzigetafe.com\\\/\"]}]},{\"@type\":\"ImageObject\",\"inLanguage\":\"en-GB\",\"@id\":\"https:\\\/\\\/heladeriatozzigetafe.com\\\/#primaryimage\",\"url\":\"https:\\\/\\\/heladeriatozzigetafe.com\\\/wp-content\\\/uploads\\\/2025\\\/12\\\/Texto.png\",\"contentUrl\":\"https:\\\/\\\/heladeriatozzigetafe.com\\\/wp-content\\\/uploads\\\/2025\\\/12\\\/Texto.png\"},{\"@type\":\"BreadcrumbList\",\"@id\":\"https:\\\/\\\/heladeriatozzigetafe.com\\\/#breadcrumb\",\"itemListElement\":[{\"@type\":\"ListItem\",\"position\":1,\"name\":\"Portada\",\"item\":\"https:\\\/\\\/heladeriatozzigetafe.com\\\/\"},{\"@type\":\"ListItem\",\"position\":2,\"name\":\"Inicio\"}]},{\"@type\":\"WebSite\",\"@id\":\"https:\\\/\\\/heladeriatozzigetafe.com\\\/#website\",\"url\":\"https:\\\/\\\/heladeriatozzigetafe.com\\\/\",\"name\":\"Helader\u00eda Tozzi Getafe\",\"description\":\"Helader\u00eda\",\"publisher\":{\"@id\":\"https:\\\/\\\/heladeriatozzigetafe.com\\\/#organization\"},\"potentialAction\":[{\"@type\":\"SearchAction\",\"target\":{\"@type\":\"EntryPoint\",\"urlTemplate\":\"https:\\\/\\\/heladeriatozzigetafe.com\\\/?s={search_term_string}\"},\"query-input\":{\"@type\":\"PropertyValueSpecification\",\"valueRequired\":true,\"valueName\":\"search_term_string\"}}],\"inLanguage\":\"en-GB\"},{\"@type\":\"Organization\",\"@id\":\"https:\\\/\\\/heladeriatozzigetafe.com\\\/#organization\",\"name\":\"Helader\u00eda Tozzi Getafe\",\"url\":\"https:\\\/\\\/heladeriatozzigetafe.com\\\/\",\"logo\":{\"@type\":\"ImageObject\",\"inLanguage\":\"en-GB\",\"@id\":\"https:\\\/\\\/heladeriatozzigetafe.com\\\/#\\\/schema\\\/logo\\\/image\\\/\",\"url\":\"https:\\\/\\\/heladeriatozzigetafe.com\\\/wp-content\\\/uploads\\\/2025\\\/12\\\/cropped-cropped-Texto-1.png\",\"contentUrl\":\"https:\\\/\\\/heladeriatozzigetafe.com\\\/wp-content\\\/uploads\\\/2025\\\/12\\\/cropped-cropped-Texto-1.png\",\"width\":412,\"height\":142,\"caption\":\"Helader\u00eda Tozzi Getafe\"},\"image\":{\"@id\":\"https:\\\/\\\/heladeriatozzigetafe.com\\\/#\\\/schema\\\/logo\\\/image\\\/\"}}]}<\/script>\n<!-- \/ Yoast SEO plugin. -->","yoast_head_json":{"title":"Inicio - Helader\u00eda Tozzi Getafe","robots":{"index":"index","follow":"follow","max-snippet":"max-snippet:-1","max-image-preview":"max-image-preview:large","max-video-preview":"max-video-preview:-1"},"canonical":"https:\/\/heladeriatozzigetafe.com\/en\/","og_locale":"en_GB","og_type":"article","og_title":"Inicio - Helader\u00eda Tozzi Getafe","og_description":"Sobre nosotros En Helader\u00eda TOZZI Getafe llevamos m\u00e1s de dos d\u00e9cadas dedicados a ofrecer el aut\u00e9ntico sabor del helado artesanal. Fundada en 2002 y ubicada en Calle Polvoranca 16, nuestra helader\u00eda es el resultado de una tradici\u00f3n que ha viajado por el mundo. Nuestra receta, con m\u00e1s de 50 a\u00f1os de historia, ha pasado de [&hellip;]","og_url":"https:\/\/heladeriatozzigetafe.com\/en\/","og_site_name":"Helader\u00eda Tozzi Getafe","article_modified_time":"2025-12-03T16:22:12+00:00","og_image":[{"width":588,"height":782,"url":"https:\/\/heladeriatozzigetafe.com\/wp-content\/uploads\/2025\/12\/Texto.png","type":"image\/png"}],"twitter_card":"summary_large_image","schema":{"@context":"https:\/\/schema.org","@graph":[{"@type":"WebPage","@id":"https:\/\/heladeriatozzigetafe.com\/","url":"https:\/\/heladeriatozzigetafe.com\/","name":"Inicio - Helader\u00eda Tozzi Getafe","isPartOf":{"@id":"https:\/\/heladeriatozzigetafe.com\/#website"},"primaryImageOfPage":{"@id":"https:\/\/heladeriatozzigetafe.com\/#primaryimage"},"image":{"@id":"https:\/\/heladeriatozzigetafe.com\/#primaryimage"},"thumbnailUrl":"https:\/\/heladeriatozzigetafe.com\/wp-content\/uploads\/2025\/12\/Texto.png","datePublished":"2025-11-10T17:42:05+00:00","dateModified":"2025-12-03T16:22:12+00:00","breadcrumb":{"@id":"https:\/\/heladeriatozzigetafe.com\/#breadcrumb"},"inLanguage":"en-GB","potentialAction":[{"@type":"ReadAction","target":["https:\/\/heladeriatozzigetafe.com\/"]}]},{"@type":"ImageObject","inLanguage":"en-GB","@id":"https:\/\/heladeriatozzigetafe.com\/#primaryimage","url":"https:\/\/heladeriatozzigetafe.com\/wp-content\/uploads\/2025\/12\/Texto.png","contentUrl":"https:\/\/heladeriatozzigetafe.com\/wp-content\/uploads\/2025\/12\/Texto.png"},{"@type":"BreadcrumbList","@id":"https:\/\/heladeriatozzigetafe.com\/#breadcrumb","itemListElement":[{"@type":"ListItem","position":1,"name":"Portada","item":"https:\/\/heladeriatozzigetafe.com\/"},{"@type":"ListItem","position":2,"name":"Inicio"}]},{"@type":"WebSite","@id":"https:\/\/heladeriatozzigetafe.com\/#website","url":"https:\/\/heladeriatozzigetafe.com\/","name":"Helader\u00eda Tozzi Getafe","description":"Helader\u00eda","publisher":{"@id":"https:\/\/heladeriatozzigetafe.com\/#organization"},"potentialAction":[{"@type":"SearchAction","target":{"@type":"EntryPoint","urlTemplate":"https:\/\/heladeriatozzigetafe.com\/?s={search_term_string}"},"query-input":{"@type":"PropertyValueSpecification","valueRequired":true,"valueName":"search_term_string"}}],"inLanguage":"en-GB"},{"@type":"Organization","@id":"https:\/\/heladeriatozzigetafe.com\/#organization","name":"Helader\u00eda Tozzi Getafe","url":"https:\/\/heladeriatozzigetafe.com\/","logo":{"@type":"ImageObject","inLanguage":"en-GB","@id":"https:\/\/heladeriatozzigetafe.com\/#\/schema\/logo\/image\/","url":"https:\/\/heladeriatozzigetafe.com\/wp-content\/uploads\/2025\/12\/cropped-cropped-Texto-1.png","contentUrl":"https:\/\/heladeriatozzigetafe.com\/wp-content\/uploads\/2025\/12\/cropped-cropped-Texto-1.png","width":412,"height":142,"caption":"Helader\u00eda Tozzi Getafe"},"image":{"@id":"https:\/\/heladeriatozzigetafe.com\/#\/schema\/logo\/image\/"}}]}},"_links":{"self":[{"href":"https:\/\/heladeriatozzigetafe.com\/en\/wp-json\/wp\/v2\/pages\/9","targetHints":{"allow":["GET"]}}],"collection":[{"href":"https:\/\/heladeriatozzigetafe.com\/en\/wp-json\/wp\/v2\/pages"}],"about":[{"href":"https:\/\/heladeriatozzigetafe.com\/en\/wp-json\/wp\/v2\/types\/page"}],"author":[{"embeddable":true,"href":"https:\/\/heladeriatozzigetafe.com\/en\/wp-json\/wp\/v2\/users\/1"}],"replies":[{"embeddable":true,"href":"https:\/\/heladeriatozzigetafe.com\/en\/wp-json\/wp\/v2\/comments?post=9"}],"version-history":[{"count":85,"href":"https:\/\/heladeriatozzigetafe.com\/en\/wp-json\/wp\/v2\/pages\/9\/revisions"}],"predecessor-version":[{"id":357,"href":"https:\/\/heladeriatozzigetafe.com\/en\/wp-json\/wp\/v2\/pages\/9\/revisions\/357"}],"wp:attachment":[{"href":"https:\/\/heladeriatozzigetafe.com\/en\/wp-json\/wp\/v2\/media?parent=9"}],"curies":[{"name":"wp","href":"https:\/\/api.w.org\/{rel}","templated":true}]}}